{"id":15686,"date":"2015-05-12T12:33:22","date_gmt":"2015-05-12T09:33:22","guid":{"rendered":"https:\/\/kalkanaltesvillas.com\/main-page\/?lang=tr"},"modified":"2015-10-23T12:00:20","modified_gmt":"2015-10-23T09:00:20","slug":"main-page","status":"publish","type":"page","link":"https:\/\/kalkanaltesvillas.com\/tr\/","title":{"rendered":"ANASAYFA"},"content":{"rendered":"<div      class=\"vc_row wpb_row section vc_row-fluid vc_custom_1444750541138\" style=' padding-bottom:30px; text-align:left;'><div class=\" full_section_inner clearfix\"><div class=\"wpb_column vc_column_container vc_col-sm-12\"><div class=\"wpb_wrapper\"><div class=\"masonry_gallery_holder  \" data-parallax_item_speed=\"0.3\" data-parallax_item_offset=\"0\"><div class=\"grid-sizer\"><\/div><article class=\"masonry_gallery_item square_big standard \"><a href=\"https:\/\/kalkanaltesvillas.com\/tr\/proje-hakkinda\/\" target=\"_self\"><div class = \"masonry_gallery_image_holder\"><img loading=\"lazy\" decoding=\"async\" width=\"500\" height=\"500\" src=\"https:\/\/kalkanaltesvillas.com\/wp-content\/uploads\/2015\/05\/kalkan_altes_001.jpg\" class=\"attachment-portfolio_masonry_large size-portfolio_masonry_large wp-post-image\" alt=\"\" srcset=\"https:\/\/kalkanaltesvillas.com\/wp-content\/uploads\/2015\/05\/kalkan_altes_001.jpg 500w, https:\/\/kalkanaltesvillas.com\/wp-content\/uploads\/2015\/05\/kalkan_altes_001-150x150.jpg 150w, https:\/\/kalkanaltesvillas.com\/wp-content\/uploads\/2015\/05\/kalkan_altes_001-300x300.jpg 300w\" sizes=\"(max-width: 500px) 100vw, 500px\" \/><\/div><div class=\"masonry_gallery_item_outer\"><div class=\"masonry_gallery_item_inner\"><div class=\"masonry_gallery_item_content\"><h3>KALKAN ALTES V\u0130LLALARI<\/h3><\/div><\/div><\/div><\/a><\/article><article class=\"masonry_gallery_item rectangle_portrait standard \"><div class = \"masonry_gallery_image_holder\"><img loading=\"lazy\" decoding=\"async\" width=\"500\" height=\"1000\" src=\"https:\/\/kalkanaltesvillas.com\/wp-content\/uploads\/2015\/05\/altes_villa_logolu.jpg\" class=\"attachment-portfolio_masonry_tall size-portfolio_masonry_tall wp-post-image\" alt=\"\" srcset=\"https:\/\/kalkanaltesvillas.com\/wp-content\/uploads\/2015\/05\/altes_villa_logolu.jpg 500w, https:\/\/kalkanaltesvillas.com\/wp-content\/uploads\/2015\/05\/altes_villa_logolu-150x300.jpg 150w\" sizes=\"(max-width: 500px) 100vw, 500px\" \/><\/div><div class=\"masonry_gallery_item_outer\"><div class=\"masonry_gallery_item_inner\"><div class=\"masonry_gallery_item_content\"><h3>ALTES VILLAS<\/h3><\/div><\/div><\/div><\/article><article class=\"masonry_gallery_item square_small with_icon \"><a href=\"https:\/\/kalkanaltesvillas.com\/tr\/mimari-konsept\/\" target=\"_self\"><div class=\"masonry_gallery_item_outer\"><div class=\"masonry_gallery_item_inner\"><div class=\"masonry_gallery_item_content\"><div class=\"masonry_gallery_item_icon\"><span aria-hidden=\"true\" class=\"qode_icon_font_elegant icon_pin_alt \" ><\/span><\/div><h3>M\u0130MAR\u0130 KONSEPT<\/h3><p class=\"masonry_gallery_item_text\"><\/p><\/div><\/div><\/div><\/a><\/article><article class=\"masonry_gallery_item square_small standard \"><a href=\"https:\/\/kalkanaltesvillas.com\/lokasyon\/\" target=\"_self\"><div class = \"masonry_gallery_image_holder\"><img loading=\"lazy\" decoding=\"async\" width=\"500\" height=\"500\" src=\"https:\/\/kalkanaltesvillas.com\/wp-content\/uploads\/2015\/05\/kalkan_harita_map_location_01.jpg\" class=\"attachment-portfolio-square size-portfolio-square wp-post-image\" alt=\"\" srcset=\"https:\/\/kalkanaltesvillas.com\/wp-content\/uploads\/2015\/05\/kalkan_harita_map_location_01.jpg 500w, https:\/\/kalkanaltesvillas.com\/wp-content\/uploads\/2015\/05\/kalkan_harita_map_location_01-150x150.jpg 150w, https:\/\/kalkanaltesvillas.com\/wp-content\/uploads\/2015\/05\/kalkan_harita_map_location_01-300x300.jpg 300w\" sizes=\"(max-width: 500px) 100vw, 500px\" \/><\/div><div class=\"masonry_gallery_item_outer\"><div class=\"masonry_gallery_item_inner\"><div class=\"masonry_gallery_item_content\"><h3>LOKASYON<\/h3><\/div><\/div><\/div><\/a><\/article><article class=\"masonry_gallery_item square_small standard \"><a href=\"https:\/\/kalkanaltesvillas.com\/tr\/insaat-gunlugu\/\" target=\"_self\"><div class = \"masonry_gallery_image_holder\"><img loading=\"lazy\" decoding=\"async\" width=\"500\" height=\"500\" src=\"https:\/\/kalkanaltesvillas.com\/wp-content\/uploads\/2015\/05\/construction_tumbnail_home.jpg\" class=\"attachment-portfolio-square size-portfolio-square wp-post-image\" alt=\"\" srcset=\"https:\/\/kalkanaltesvillas.com\/wp-content\/uploads\/2015\/05\/construction_tumbnail_home.jpg 500w, https:\/\/kalkanaltesvillas.com\/wp-content\/uploads\/2015\/05\/construction_tumbnail_home-150x150.jpg 150w, https:\/\/kalkanaltesvillas.com\/wp-content\/uploads\/2015\/05\/construction_tumbnail_home-300x300.jpg 300w\" sizes=\"(max-width: 500px) 100vw, 500px\" \/><\/div><div class=\"masonry_gallery_item_outer\"><div class=\"masonry_gallery_item_inner\"><div class=\"masonry_gallery_item_content\"><h3>\u0130N\u015eAAT G\u00dcNL\u00dc\u011e\u00dc<\/h3><\/div><\/div><\/div><\/a><\/article><article class=\"masonry_gallery_item square_small standard \"><a href=\"https:\/\/kalkanaltesvillas.com\/tr\/kat-planlari\/\" target=\"_self\"><div class = \"masonry_gallery_image_holder\"><img loading=\"lazy\" decoding=\"async\" width=\"500\" height=\"500\" src=\"https:\/\/kalkanaltesvillas.com\/wp-content\/uploads\/2015\/05\/kalkan_altes_villas_proje_tumbnail.jpg\" class=\"attachment-portfolio-square size-portfolio-square wp-post-image\" alt=\"\" srcset=\"https:\/\/kalkanaltesvillas.com\/wp-content\/uploads\/2015\/05\/kalkan_altes_villas_proje_tumbnail.jpg 500w, https:\/\/kalkanaltesvillas.com\/wp-content\/uploads\/2015\/05\/kalkan_altes_villas_proje_tumbnail-150x150.jpg 150w, https:\/\/kalkanaltesvillas.com\/wp-content\/uploads\/2015\/05\/kalkan_altes_villas_proje_tumbnail-300x300.jpg 300w\" sizes=\"(max-width: 500px) 100vw, 500px\" \/><\/div><div class=\"masonry_gallery_item_outer\"><div class=\"masonry_gallery_item_inner\"><div class=\"masonry_gallery_item_content\"><h3>KAT PLANLARI<\/h3><\/div><\/div><\/div><\/a><\/article><article class=\"masonry_gallery_item square_small with_icon \"><a href=\"https:\/\/kalkanaltesvillas.com\/tr\/gorsel\/\" target=\"_self\"><div class=\"masonry_gallery_item_outer\"><div class=\"masonry_gallery_item_inner\"><div class=\"masonry_gallery_item_content\"><div class=\"masonry_gallery_item_icon\"><span aria-hidden=\"true\" class=\"qode_icon_font_elegant icon_pin_alt \" ><\/span><\/div><h3>GALER\u0130<\/h3><p class=\"masonry_gallery_item_text\"><\/p><\/div><\/div><\/div><\/a><\/article><article class=\"masonry_gallery_item square_small standard \"><a href=\"#\" target=\"_self\"><div class = \"masonry_gallery_image_holder\"><img loading=\"lazy\" decoding=\"async\" width=\"500\" height=\"500\" src=\"https:\/\/kalkanaltesvillas.com\/wp-content\/uploads\/2015\/05\/kalkan_altes_villas_buying_guide_tumbnail.jpg\" class=\"attachment-portfolio-square size-portfolio-square wp-post-image\" alt=\"\" srcset=\"https:\/\/kalkanaltesvillas.com\/wp-content\/uploads\/2015\/05\/kalkan_altes_villas_buying_guide_tumbnail.jpg 500w, https:\/\/kalkanaltesvillas.com\/wp-content\/uploads\/2015\/05\/kalkan_altes_villas_buying_guide_tumbnail-150x150.jpg 150w, https:\/\/kalkanaltesvillas.com\/wp-content\/uploads\/2015\/05\/kalkan_altes_villas_buying_guide_tumbnail-300x300.jpg 300w\" sizes=\"(max-width: 500px) 100vw, 500px\" \/><\/div><div class=\"masonry_gallery_item_outer\"><div class=\"masonry_gallery_item_inner\"><div class=\"masonry_gallery_item_content\"><h3>SATIN ALMA PROSED\u00dcR\u00dc<\/h3><\/div><\/div><\/div><\/a><\/article><article class=\"masonry_gallery_item square_small with_icon \"><a href=\"https:\/\/kalkanaltesvillas.com\/tr\/iletisim\/\" target=\"_self\"><div class=\"masonry_gallery_item_outer\"><div class=\"masonry_gallery_item_inner\"><div class=\"masonry_gallery_item_content\"><div class=\"masonry_gallery_item_icon\"><span aria-hidden=\"true\" class=\"qode_icon_font_elegant icon_house_alt \" ><\/span><\/div><h3>\u0130LET\u0130\u015e\u0130M<\/h3><p class=\"masonry_gallery_item_text\"><\/p><\/div><\/div><\/div><\/a><\/article><article class=\"masonry_gallery_item rectangle_landscape standard \"><a href=\"https:\/\/kalkanaltesvillas.com\/tr\/ic-dis-tasarim\/\" target=\"_self\"><div class = \"masonry_gallery_image_holder\"><img loading=\"lazy\" decoding=\"async\" width=\"1000\" height=\"500\" src=\"https:\/\/kalkanaltesvillas.com\/wp-content\/uploads\/2015\/05\/kalkan_altes_003.jpg\" class=\"attachment-portfolio_masonry_wide size-portfolio_masonry_wide wp-post-image\" alt=\"\" srcset=\"https:\/\/kalkanaltesvillas.com\/wp-content\/uploads\/2015\/05\/kalkan_altes_003.jpg 1000w, https:\/\/kalkanaltesvillas.com\/wp-content\/uploads\/2015\/05\/kalkan_altes_003-300x150.jpg 300w, https:\/\/kalkanaltesvillas.com\/wp-content\/uploads\/2015\/05\/kalkan_altes_003-700x350.jpg 700w\" sizes=\"(max-width: 1000px) 100vw, 1000px\" \/><\/div><div class=\"masonry_gallery_item_outer\"><div class=\"masonry_gallery_item_inner\"><div class=\"masonry_gallery_item_content\"><h3>\u0130\u00c7 &#038; DI\u015e TASARIM<\/h3><\/div><\/div><\/div><\/a><\/article><article class=\"masonry_gallery_item square_small standard \"><a href=\"https:\/\/kalkanaltesvillas.com\/tr\/vaziyet-plani\/\" target=\"_self\"><div class = \"masonry_gallery_image_holder\"><img loading=\"lazy\" decoding=\"async\" width=\"500\" height=\"500\" src=\"https:\/\/kalkanaltesvillas.com\/wp-content\/uploads\/2015\/05\/site_plan_tumbnail.jpg\" class=\"attachment-portfolio-square size-portfolio-square wp-post-image\" alt=\"\" srcset=\"https:\/\/kalkanaltesvillas.com\/wp-content\/uploads\/2015\/05\/site_plan_tumbnail.jpg 500w, https:\/\/kalkanaltesvillas.com\/wp-content\/uploads\/2015\/05\/site_plan_tumbnail-150x150.jpg 150w, https:\/\/kalkanaltesvillas.com\/wp-content\/uploads\/2015\/05\/site_plan_tumbnail-300x300.jpg 300w\" sizes=\"(max-width: 500px) 100vw, 500px\" \/><\/div><div class=\"masonry_gallery_item_outer\"><div class=\"masonry_gallery_item_inner\"><div class=\"masonry_gallery_item_content\"><h3>VAZ\u0130YET PLANI<\/h3><\/div><\/div><\/div><\/a><\/article><\/div><\/div><\/div><\/div><\/div>\n","protected":false},"excerpt":{"rendered":"","protected":false},"author":1,"featured_media":0,"parent":0,"menu_order":0,"comment_status":"open","ping_status":"closed","template":"","meta":{"footnotes":""},"class_list":["post-15686","page","type-page","status-publish","hentry"],"_links":{"self":[{"href":"https:\/\/kalkanaltesvillas.com\/tr\/wp-json\/wp\/v2\/pages\/15686"}],"collection":[{"href":"https:\/\/kalkanaltesvillas.com\/tr\/wp-json\/wp\/v2\/pages"}],"about":[{"href":"https:\/\/kalkanaltesvillas.com\/tr\/wp-json\/wp\/v2\/types\/page"}],"author":[{"embeddable":true,"href":"https:\/\/kalkanaltesvillas.com\/tr\/wp-json\/wp\/v2\/users\/1"}],"replies":[{"embeddable":true,"href":"https:\/\/kalkanaltesvillas.com\/tr\/wp-json\/wp\/v2\/comments?post=15686"}],"version-history":[{"count":3,"href":"https:\/\/kalkanaltesvillas.com\/tr\/wp-json\/wp\/v2\/pages\/15686\/revisions"}],"predecessor-version":[{"id":15714,"href":"https:\/\/kalkanaltesvillas.com\/tr\/wp-json\/wp\/v2\/pages\/15686\/revisions\/15714"}],"wp:attachment":[{"href":"https:\/\/kalkanaltesvillas.com\/tr\/wp-json\/wp\/v2\/media?parent=15686"}],"curies":[{"name":"wp","href":"https:\/\/api.w.org\/{rel}","templated":true}]}}