{"id":15715,"date":"2015-05-20T12:24:34","date_gmt":"2015-05-20T12:24:34","guid":{"rendered":"https:\/\/kalkanaltesvillas.com\/about\/?lang=tr"},"modified":"2015-11-28T11:46:50","modified_gmt":"2015-11-28T09:46:50","slug":"proje-hakkinda","status":"publish","type":"page","link":"https:\/\/kalkanaltesvillas.com\/tr\/proje-hakkinda\/","title":{"rendered":"PROJE HAKKINDA"},"content":{"rendered":"<div      class=\"vc_row wpb_row section vc_row-fluid\" style=' text-align:left;'><div class=\" full_section_inner clearfix\"><div class=\"wpb_column vc_column_container vc_col-sm-12\"><div class=\"wpb_wrapper\">\n\t<div class=\"wpb_single_image wpb_content_element vc_align_left\">\n\t\t<div class=\"wpb_wrapper\">\n\t\t\t\n\t\t\t<div class=\"vc_single_image-wrapper   vc_box_border_grey\"><img loading=\"lazy\" decoding=\"async\" width=\"1098\" height=\"400\" src=\"https:\/\/kalkanaltesvillas.com\/wp-content\/uploads\/2015\/05\/kalkan_altes_villas_about_our_project_tumbnail.jpg\" class=\"vc_single_image-img attachment-full\" alt=\"\" srcset=\"https:\/\/kalkanaltesvillas.com\/wp-content\/uploads\/2015\/05\/kalkan_altes_villas_about_our_project_tumbnail.jpg 1098w, https:\/\/kalkanaltesvillas.com\/wp-content\/uploads\/2015\/05\/kalkan_altes_villas_about_our_project_tumbnail-300x109.jpg 300w, https:\/\/kalkanaltesvillas.com\/wp-content\/uploads\/2015\/05\/kalkan_altes_villas_about_our_project_tumbnail-1024x373.jpg 1024w, https:\/\/kalkanaltesvillas.com\/wp-content\/uploads\/2015\/05\/kalkan_altes_villas_about_our_project_tumbnail-700x255.jpg 700w\" sizes=\"(max-width: 1098px) 100vw, 1098px\" \/><\/div>\n\t\t<\/div>\n\t<\/div>\n<\/div><\/div><\/div><\/div><div      class=\"vc_row wpb_row section vc_row-fluid\" style=' padding-top:40px; padding-bottom:32px; text-align:left;'><div class=\" full_section_inner clearfix\"><div class=\"wpb_column vc_column_container vc_col-sm-12\"><div class=\"wpb_wrapper\">\n\t<div class=\"wpb_text_column wpb_content_element \">\n\t\t<div class=\"wpb_wrapper\">\n\t\t\t<h3>KALKAN ALTES V\u0130LLARI<\/h3>\n\n\t\t<\/div> \n\t<\/div> <div class=\"separator  transparent   \" style=\"margin-top: 10px;margin-bottom: 0px;\"><\/div>\n\n\t<div class=\"wpb_text_column wpb_content_element \">\n\t\t<div class=\"wpb_wrapper\">\n\t\t\t<p>Mimari Konsept<\/p>\n\n\t\t<\/div> \n\t<\/div> <div class=\"separator  transparent   \" style=\"margin-top: 10px;margin-bottom: 0px;\"><\/div>\n<\/div><\/div><\/div><\/div><div      class=\"vc_row wpb_row section vc_row-fluid\" style=' padding-top:10px; padding-bottom:10px; text-align:left;'><div class=\" full_section_inner clearfix\"><div class=\"wpb_column vc_column_container vc_col-sm-6\"><div class=\"wpb_wrapper\">\n\t<div class=\"wpb_text_column wpb_content_element \">\n\t\t<div class=\"wpb_wrapper\">\n\t\t\t<p style=\"text-align: justify;\">Altes Villalar\u0131, Kalkan Ortaalan Mevkii\u2019nde do\u011fal g\u00fczelli\u011fiyle \u00f6ne \u00e7\u0131kan, etkileyici bir deniz manzaras\u0131na sahip bir yamaca yerle\u015ftirilen 6 adet \u00f6zel villadan olu\u015fmaktad\u0131r. Tasar\u0131m s\u00fcrecinde manzaran\u0131n do\u011fal g\u00fczelli\u011fi ve arsan\u0131n kendine has dokusu ana ilham kayna\u011f\u0131 olmu\u015ftur. \u00dc\u00e7 boyutlu topo\u011frafyas\u0131yla b\u00fct\u00fcnle\u015fen, ayn\u0131 zamanda yal\u0131n mimari diliyle g\u00f6ze \u00e7arpan yap\u0131lar hedeflenmi\u015ftir. Villalar birbirlerinin manzaras\u0131n\u0131 kesmeyecek \u015fekilde konumland\u0131r\u0131lm\u0131\u015ft\u0131r. Villalar\u0131n her biri, topra\u011f\u0131 tutan iki b\u00fcy\u00fck kahverengi duvar\u0131n aras\u0131ndaki ya\u015fama alan\u0131 ve \u00fcstte denize do\u011fru uzanan beyaz blokta yer alan yatak odalar\u0131ndan olu\u015fmaktad\u0131r. Plan \u015femas\u0131 t\u00fcm ya\u015fama alanlar\u0131n\u0131n denizin do\u011fal g\u00fczelli\u011fini g\u00f6rmesi \u00fczerine kurgulanm\u0131\u015ft\u0131r. 3 kattan olu\u015fan villalar\u0131n orta kattaki ana giri\u015finden villaya girdi\u011finiz anda sizi deniz manzaras\u0131 kar\u015f\u0131lamaktad\u0131r. Bu katta ayn\u0131 zamanda bir yatak odas\u0131 bulunmaktad\u0131r.<\/p>\n\n\t\t<\/div> \n\t<\/div> <div class=\"separator  transparent   \" style=\"margin-top: 30px;margin-bottom: 0px;\"><\/div>\n<\/div><\/div><div class=\"wpb_column vc_column_container vc_col-sm-6\"><div class=\"wpb_wrapper\">\n\t<div class=\"wpb_text_column wpb_content_element \">\n\t\t<div class=\"wpb_wrapper\">\n\t\t\t<p style=\"text-align: justify;\">Merdivene alternatif olarak yer alan asans\u00f6r, t\u00fcm ya\u015f gruplar\u0131na katlar aras\u0131nda rahat bir dola\u015f\u0131m olana\u011f\u0131 sa\u011flar. Alt katta yer alan mutfak ve iki kat y\u00fcksekli\u011findeki salon tamamen sonsuzluk havuzuna ve deniz manzaras\u0131na a\u00e7\u0131lmaktad\u0131r. I\u015f\u0131kl\u0131klardaki vitraylar\u0131n yans\u0131malar\u0131 salonun y\u00fcksek br\u00fct beton duvarlar\u0131na g\u00fcn\u00fcn her saatinde de\u011fi\u015fen bir hareket ve renk katmaktad\u0131r. Galeri bo\u015fluklar\u0131ndaki turuncu film kapl\u0131 \u015feffaf cam korkuluklar ise katlar aras\u0131ndaki g\u00f6rsel ili\u015fkiyi vurgulamaktad\u0131r. En \u00fcst katta ise di\u011fer yatak odalar\u0131 yer almaktad\u0131r. Gerek cephede, gerekse i\u00e7 mekanlarda kullan\u0131lan \u00fcst segment malzemelerle (cor-ten cephe kaplamas\u0131, mermer zemin ve duvar kaplamalar\u0131, lamine kaplama, \u0131slak hacimlerdeki vitrifiyeler, mutfak dolaplar\u0131, \u2026) kullan\u0131c\u0131 i\u00e7in maksimum konfor hedeflenmi\u015ftir. Peyzaj tasar\u0131m\u0131nda yerel bitki \u00f6rt\u00fcs\u00fcn\u00fcn i\u00e7eri\u011fi g\u00f6z \u00f6n\u00fcne al\u0131nm\u0131\u015ft\u0131r.<\/p>\n\n\t\t<\/div> \n\t<\/div> <\/div><\/div><\/div><\/div><div      class=\"vc_row wpb_row section vc_row-fluid\" style=' padding-bottom:90px; text-align:left;'><div class=\" full_section_inner clearfix\"><div class=\"wpb_column vc_column_container vc_col-sm-3\"><div class=\"wpb_wrapper\">\n\t<div class=\"wpb_single_image wpb_content_element vc_align_left\">\n\t\t<div class=\"wpb_wrapper\">\n\t\t\t\n\t\t\t<a class=\"prettyphoto\" rel=\"prettyPhoto[rel-15715-281588637]\" href=\"https:\/\/kalkanaltesvillas.com\/wp-content\/uploads\/2015\/10\/kalkan_altes_villas_002-1024x513.jpg\" target=\"_self\"><div class=\"vc_single_image-wrapper   vc_box_border_grey\"><img loading=\"lazy\" decoding=\"async\" width=\"1024\" height=\"513\" src=\"https:\/\/kalkanaltesvillas.com\/wp-content\/uploads\/2015\/10\/kalkan_altes_villas_002-1024x513.jpg\" class=\"vc_single_image-img attachment-large\" alt=\"\" srcset=\"https:\/\/kalkanaltesvillas.com\/wp-content\/uploads\/2015\/10\/kalkan_altes_villas_002-1024x513.jpg 1024w, https:\/\/kalkanaltesvillas.com\/wp-content\/uploads\/2015\/10\/kalkan_altes_villas_002-300x150.jpg 300w, https:\/\/kalkanaltesvillas.com\/wp-content\/uploads\/2015\/10\/kalkan_altes_villas_002-1000x500.jpg 1000w, https:\/\/kalkanaltesvillas.com\/wp-content\/uploads\/2015\/10\/kalkan_altes_villas_002-700x350.jpg 700w, https:\/\/kalkanaltesvillas.com\/wp-content\/uploads\/2015\/10\/kalkan_altes_villas_002.jpg 1920w\" sizes=\"(max-width: 1024px) 100vw, 1024px\" \/><\/div><\/a>\n\t\t<\/div>\n\t<\/div>\n<div class=\"separator  transparent   \" style=\"margin-top: 40px;margin-bottom: 0px;\"><\/div>\n<\/div><\/div><div class=\"wpb_column vc_column_container vc_col-sm-3\"><div class=\"wpb_wrapper\">\n\t<div class=\"wpb_single_image wpb_content_element vc_align_left\">\n\t\t<div class=\"wpb_wrapper\">\n\t\t\t\n\t\t\t<a class=\"prettyphoto\" rel=\"prettyPhoto[rel-15715-1411199759]\" href=\"https:\/\/kalkanaltesvillas.com\/wp-content\/uploads\/2015\/10\/kalkan_altes_villas_001-1024x513.jpg\" target=\"_self\"><div class=\"vc_single_image-wrapper   vc_box_border_grey\"><img loading=\"lazy\" decoding=\"async\" width=\"1920\" height=\"961\" src=\"https:\/\/kalkanaltesvillas.com\/wp-content\/uploads\/2015\/10\/kalkan_altes_villas_001.jpg\" class=\"vc_single_image-img attachment-full\" alt=\"\" srcset=\"https:\/\/kalkanaltesvillas.com\/wp-content\/uploads\/2015\/10\/kalkan_altes_villas_001.jpg 1920w, https:\/\/kalkanaltesvillas.com\/wp-content\/uploads\/2015\/10\/kalkan_altes_villas_001-300x150.jpg 300w, https:\/\/kalkanaltesvillas.com\/wp-content\/uploads\/2015\/10\/kalkan_altes_villas_001-1024x513.jpg 1024w, https:\/\/kalkanaltesvillas.com\/wp-content\/uploads\/2015\/10\/kalkan_altes_villas_001-1000x500.jpg 1000w, https:\/\/kalkanaltesvillas.com\/wp-content\/uploads\/2015\/10\/kalkan_altes_villas_001-700x350.jpg 700w\" sizes=\"(max-width: 1920px) 100vw, 1920px\" \/><\/div><\/a>\n\t\t<\/div>\n\t<\/div>\n<div class=\"separator  transparent   \" style=\"margin-top: 40px;margin-bottom: 0px;\"><\/div>\n<\/div><\/div><div class=\"wpb_column vc_column_container vc_col-sm-3\"><div class=\"wpb_wrapper\">\n\t<div class=\"wpb_single_image wpb_content_element vc_align_left\">\n\t\t<div class=\"wpb_wrapper\">\n\t\t\t\n\t\t\t<a class=\"prettyphoto\" rel=\"prettyPhoto[rel-15715-1370852476]\" href=\"https:\/\/kalkanaltesvillas.com\/wp-content\/uploads\/2015\/10\/kalkan_altes_villas_003-1024x513.jpg\" target=\"_self\"><div class=\"vc_single_image-wrapper   vc_box_border_grey\"><img loading=\"lazy\" decoding=\"async\" width=\"1920\" height=\"961\" src=\"https:\/\/kalkanaltesvillas.com\/wp-content\/uploads\/2015\/10\/kalkan_altes_villas_003.jpg\" class=\"vc_single_image-img attachment-full\" alt=\"\" srcset=\"https:\/\/kalkanaltesvillas.com\/wp-content\/uploads\/2015\/10\/kalkan_altes_villas_003.jpg 1920w, https:\/\/kalkanaltesvillas.com\/wp-content\/uploads\/2015\/10\/kalkan_altes_villas_003-300x150.jpg 300w, https:\/\/kalkanaltesvillas.com\/wp-content\/uploads\/2015\/10\/kalkan_altes_villas_003-1024x513.jpg 1024w, https:\/\/kalkanaltesvillas.com\/wp-content\/uploads\/2015\/10\/kalkan_altes_villas_003-1000x500.jpg 1000w, https:\/\/kalkanaltesvillas.com\/wp-content\/uploads\/2015\/10\/kalkan_altes_villas_003-700x350.jpg 700w\" sizes=\"(max-width: 1920px) 100vw, 1920px\" \/><\/div><\/a>\n\t\t<\/div>\n\t<\/div>\n<div class=\"separator  transparent   \" style=\"margin-top: 40px;margin-bottom: 0px;\"><\/div>\n<\/div><\/div><div class=\"wpb_column vc_column_container vc_col-sm-3\"><div class=\"wpb_wrapper\">\n\t<div class=\"wpb_single_image wpb_content_element vc_align_left\">\n\t\t<div class=\"wpb_wrapper\">\n\t\t\t\n\t\t\t<a class=\"prettyphoto\" rel=\"prettyPhoto[rel-15715-938046753]\" href=\"https:\/\/kalkanaltesvillas.com\/wp-content\/uploads\/2015\/10\/kalkan_altes_villas_004-1024x513.jpg\" target=\"_self\"><div class=\"vc_single_image-wrapper   vc_box_border_grey\"><img loading=\"lazy\" decoding=\"async\" width=\"1920\" height=\"961\" src=\"https:\/\/kalkanaltesvillas.com\/wp-content\/uploads\/2015\/10\/kalkan_altes_villas_004.jpg\" class=\"vc_single_image-img attachment-full\" alt=\"\" srcset=\"https:\/\/kalkanaltesvillas.com\/wp-content\/uploads\/2015\/10\/kalkan_altes_villas_004.jpg 1920w, https:\/\/kalkanaltesvillas.com\/wp-content\/uploads\/2015\/10\/kalkan_altes_villas_004-300x150.jpg 300w, https:\/\/kalkanaltesvillas.com\/wp-content\/uploads\/2015\/10\/kalkan_altes_villas_004-1024x513.jpg 1024w, https:\/\/kalkanaltesvillas.com\/wp-content\/uploads\/2015\/10\/kalkan_altes_villas_004-1000x500.jpg 1000w, https:\/\/kalkanaltesvillas.com\/wp-content\/uploads\/2015\/10\/kalkan_altes_villas_004-700x350.jpg 700w\" sizes=\"(max-width: 1920px) 100vw, 1920px\" \/><\/div><\/a>\n\t\t<\/div>\n\t<\/div>\n<div class=\"separator  transparent   \" style=\"margin-top: 40px;margin-bottom: 0px;\"><\/div>\n<\/div><\/div><\/div><\/div>\n","protected":false},"excerpt":{"rendered":"KALKAN ALTES V\u0130LLARI Mimari Konsept Altes Villalar\u0131, Kalkan Ortaalan Mevkii\u2019nde do\u011fal g\u00fczelli\u011fiyle \u00f6ne \u00e7\u0131kan, etkileyici bir deniz manzaras\u0131na sahip bir yamaca yerle\u015ftirilen 6 adet \u00f6zel villadan olu\u015fmaktad\u0131r. Tasar\u0131m s\u00fcrecinde manzaran\u0131n do\u011fal g\u00fczelli\u011fi ve arsan\u0131n kendine has dokusu ana ilham kayna\u011f\u0131 olmu\u015ftur. \u00dc\u00e7 boyutlu topo\u011frafyas\u0131yla b\u00fct\u00fcnle\u015fen,...","protected":false},"author":1,"featured_media":0,"parent":0,"menu_order":0,"comment_status":"open","ping_status":"closed","template":"","meta":{"footnotes":""},"class_list":["post-15715","page","type-page","status-publish","hentry"],"_links":{"self":[{"href":"https:\/\/kalkanaltesvillas.com\/tr\/wp-json\/wp\/v2\/pages\/15715"}],"collection":[{"href":"https:\/\/kalkanaltesvillas.com\/tr\/wp-json\/wp\/v2\/pages"}],"about":[{"href":"https:\/\/kalkanaltesvillas.com\/tr\/wp-json\/wp\/v2\/types\/page"}],"author":[{"embeddable":true,"href":"https:\/\/kalkanaltesvillas.com\/tr\/wp-json\/wp\/v2\/users\/1"}],"replies":[{"embeddable":true,"href":"https:\/\/kalkanaltesvillas.com\/tr\/wp-json\/wp\/v2\/comments?post=15715"}],"version-history":[{"count":7,"href":"https:\/\/kalkanaltesvillas.com\/tr\/wp-json\/wp\/v2\/pages\/15715\/revisions"}],"predecessor-version":[{"id":15947,"href":"https:\/\/kalkanaltesvillas.com\/tr\/wp-json\/wp\/v2\/pages\/15715\/revisions\/15947"}],"wp:attachment":[{"href":"https:\/\/kalkanaltesvillas.com\/tr\/wp-json\/wp\/v2\/media?parent=15715"}],"curies":[{"name":"wp","href":"https:\/\/api.w.org\/{rel}","templated":true}]}}