{"id":15718,"date":"2015-10-19T00:31:30","date_gmt":"2015-10-18T21:31:30","guid":{"rendered":"https:\/\/kalkanaltesvillas.com\/tr\/architectural-concept\/"},"modified":"2015-11-28T12:25:56","modified_gmt":"2015-11-28T10:25:56","slug":"mimari-konsept","status":"publish","type":"page","link":"https:\/\/kalkanaltesvillas.com\/tr\/mimari-konsept\/","title":{"rendered":"M\u0130MAR\u0130 KONSEPT"},"content":{"rendered":"<div      class=\"vc_row wpb_row section vc_row-fluid\" style=' padding-top:80px; padding-bottom:70px; text-align:left;'><div class=\" full_section_inner clearfix\"><div class=\"wpb_column vc_column_container vc_col-sm-6\"><div class=\"wpb_wrapper\">\n\t<div class=\"wpb_text_column wpb_content_element \">\n\t\t<div class=\"wpb_wrapper\">\n\t\t\t<h3>Mimari Konsept<\/h3>\n\n\t\t<\/div> \n\t<\/div> <div class=\"separator  transparent   \" style=\"margin-top: 10px;margin-bottom: 0px;\"><\/div>\n\n\t<div class=\"wpb_text_column wpb_content_element \">\n\t\t<div class=\"wpb_wrapper\">\n\t\t\t<h4>Yazgan Tasar\u0131m &#8211; Mimarl\u0131k &#8211; \u0130n\u015faat<\/h4>\n\n\t\t<\/div> \n\t<\/div> <div class=\"separator  transparent   \" style=\"margin-top: 30px;margin-bottom: 0px;\"><\/div>\n\n\t<div class=\"wpb_text_column wpb_content_element \">\n\t\t<div class=\"wpb_wrapper\">\n\t\t\t<h4><span style=\"color: #baa878;\"><a href=\"http:\/\/www.yazgandesign.com\/en\/\" target=\"_blank\">www.yazgandesign.com<\/a><\/span><\/h4>\n\n\t\t<\/div> \n\t<\/div> <div class=\"separator  transparent   \" style=\"margin-top: 30px;margin-bottom: 0px;\"><\/div>\n<\/div><\/div><div class=\"wpb_column vc_column_container vc_col-sm-6\"><div class=\"wpb_wrapper\">\n\t<div class=\"wpb_single_image wpb_content_element vc_align_left\">\n\t\t<div class=\"wpb_wrapper\">\n\t\t\t\n\t\t\t<div class=\"vc_single_image-wrapper   vc_box_border_grey\"><img loading=\"lazy\" decoding=\"async\" width=\"6676\" height=\"591\" src=\"https:\/\/kalkanaltesvillas.com\/wp-content\/uploads\/2015\/10\/yazgan-logo.jpg\" class=\"vc_single_image-img attachment-full\" alt=\"\" srcset=\"https:\/\/kalkanaltesvillas.com\/wp-content\/uploads\/2015\/10\/yazgan-logo.jpg 6676w, https:\/\/kalkanaltesvillas.com\/wp-content\/uploads\/2015\/10\/yazgan-logo-300x27.jpg 300w, https:\/\/kalkanaltesvillas.com\/wp-content\/uploads\/2015\/10\/yazgan-logo-1024x91.jpg 1024w, https:\/\/kalkanaltesvillas.com\/wp-content\/uploads\/2015\/10\/yazgan-logo-700x62.jpg 700w\" sizes=\"(max-width: 6676px) 100vw, 6676px\" \/><\/div>\n\t\t<\/div>\n\t<\/div>\n<\/div><\/div><\/div><\/div><div      class=\"vc_row wpb_row section vc_row-fluid\" style=' padding-bottom:20px; text-align:left;'><div class=\" full_section_inner clearfix\"><div class=\"wpb_column vc_column_container vc_col-sm-6\"><div class=\"wpb_wrapper\">\n\t<div class=\"wpb_text_column wpb_content_element \">\n\t\t<div class=\"wpb_wrapper\">\n\t\t\t<p>YAZGAN Tasar\u0131m Mimarl\u0131k, 2003 y\u0131l\u0131nda Dr. Mimar Kerem Yazgan ve Dr. Mimar Beg\u00fcm Yazgan taraf\u0131ndan kurulmu\u015f olan, Ankara merkezli bir mimari tasar\u0131m ve in\u015faat firmas\u0131d\u0131r. Firma kurulu\u015fundan bu yana, in\u015faat alan\u0131 toplamda 3.500.000 m\u00b2\u2019yi ge\u00e7en ve T\u00fcrkiye, Kuzey K\u0131br\u0131s, Rusya, Kazakistan, Libya, Birle\u015fik Arap Emirlikleri, Ukrayna, Azerbaycan, Irak ve Gana gibi \u00e7e\u015fitli \u00fclkelerde bulunan yap\u0131lar\u0131n mimari, i\u00e7 mek\u00e2n ve peyzaj projelerine imza atm\u0131\u015ft\u0131r.<\/p>\n\n\t\t<\/div> \n\t<\/div> <div class=\"separator  transparent   \" style=\"margin-top: 30px;margin-bottom: 0px;\"><\/div>\n<\/div><\/div><div class=\"wpb_column vc_column_container vc_col-sm-6\"><div class=\"wpb_wrapper\"><div      class=\"vc_row wpb_row section vc_inner vc_row-fluid\" style=' text-align:left;'><div class=\" full_section_inner clearfix\"><div class=\"wpb_column vc_column_container vc_col-sm-6\"><div class=\"wpb_wrapper\">\n\t<div class=\"wpb_single_image wpb_content_element vc_align_left\">\n\t\t<div class=\"wpb_wrapper\">\n\t\t\t\n\t\t\t<div class=\"vc_single_image-wrapper   vc_box_border_grey\"><img loading=\"lazy\" decoding=\"async\" width=\"525\" height=\"525\" src=\"https:\/\/kalkanaltesvillas.com\/wp-content\/uploads\/2015\/10\/kerem.png\" class=\"vc_single_image-img attachment-full\" alt=\"\" srcset=\"https:\/\/kalkanaltesvillas.com\/wp-content\/uploads\/2015\/10\/kerem.png 525w, https:\/\/kalkanaltesvillas.com\/wp-content\/uploads\/2015\/10\/kerem-150x150.png 150w, https:\/\/kalkanaltesvillas.com\/wp-content\/uploads\/2015\/10\/kerem-300x300.png 300w, https:\/\/kalkanaltesvillas.com\/wp-content\/uploads\/2015\/10\/kerem-500x500.png 500w\" sizes=\"(max-width: 525px) 100vw, 525px\" \/><\/div>\n\t\t<\/div>\n\t<\/div>\n<div class=\"separator  transparent   \" style=\"margin-top: 40px;margin-bottom: 0px;\"><\/div>\n\n\t<div class=\"wpb_text_column wpb_content_element \">\n\t\t<div class=\"wpb_wrapper\">\n\t\t\t<h6>Dr. Mimar Kerem Yazgan<\/h6>\n\n\t\t<\/div> \n\t<\/div> <div class=\"separator  transparent   \" style=\"margin-top: 4px;margin-bottom: 0px;\"><\/div>\n<\/div><\/div><div class=\"wpb_column vc_column_container vc_col-sm-6\"><div class=\"wpb_wrapper\">\n\t<div class=\"wpb_single_image wpb_content_element vc_align_left\">\n\t\t<div class=\"wpb_wrapper\">\n\t\t\t\n\t\t\t<div class=\"vc_single_image-wrapper   vc_box_border_grey\"><img loading=\"lazy\" decoding=\"async\" width=\"525\" height=\"525\" src=\"https:\/\/kalkanaltesvillas.com\/wp-content\/uploads\/2015\/10\/begum.png\" class=\"vc_single_image-img attachment-full\" alt=\"\" srcset=\"https:\/\/kalkanaltesvillas.com\/wp-content\/uploads\/2015\/10\/begum.png 525w, https:\/\/kalkanaltesvillas.com\/wp-content\/uploads\/2015\/10\/begum-150x150.png 150w, https:\/\/kalkanaltesvillas.com\/wp-content\/uploads\/2015\/10\/begum-300x300.png 300w, https:\/\/kalkanaltesvillas.com\/wp-content\/uploads\/2015\/10\/begum-500x500.png 500w\" sizes=\"(max-width: 525px) 100vw, 525px\" \/><\/div>\n\t\t<\/div>\n\t<\/div>\n<div class=\"separator  transparent   \" style=\"margin-top: 40px;margin-bottom: 0px;\"><\/div>\n\n\t<div class=\"wpb_text_column wpb_content_element \">\n\t\t<div class=\"wpb_wrapper\">\n\t\t\t<h6>Dr. Mimar Beg\u00fcm Yazgan<\/h6>\n\n\t\t<\/div> \n\t<\/div> <div class=\"separator  transparent   \" style=\"margin-top: 4px;margin-bottom: 0px;\"><\/div>\n<\/div><\/div><\/div><\/div><\/div><\/div><\/div><\/div><div      class=\"vc_row wpb_row section vc_row-fluid\" style=' padding-top:10px; padding-bottom:0px; text-align:left;'><div class=\" full_section_inner clearfix\"><div class=\"wpb_column vc_column_container vc_col-sm-12\"><div class=\"wpb_wrapper\">\n\t<div class=\"wpb_single_image wpb_content_element vc_align_center\">\n\t\t<div class=\"wpb_wrapper\">\n\t\t\t\n\t\t\t<div class=\"vc_single_image-wrapper   vc_box_border_grey\"><img loading=\"lazy\" decoding=\"async\" width=\"1920\" height=\"1149\" src=\"https:\/\/kalkanaltesvillas.com\/wp-content\/uploads\/2015\/10\/yazgan_ekip_01.jpg\" class=\"vc_single_image-img attachment-full\" alt=\"\" srcset=\"https:\/\/kalkanaltesvillas.com\/wp-content\/uploads\/2015\/10\/yazgan_ekip_01.jpg 1920w, https:\/\/kalkanaltesvillas.com\/wp-content\/uploads\/2015\/10\/yazgan_ekip_01-300x180.jpg 300w, https:\/\/kalkanaltesvillas.com\/wp-content\/uploads\/2015\/10\/yazgan_ekip_01-1805x1080.jpg 1805w, https:\/\/kalkanaltesvillas.com\/wp-content\/uploads\/2015\/10\/yazgan_ekip_01-700x419.jpg 700w\" sizes=\"(max-width: 1920px) 100vw, 1920px\" \/><\/div>\n\t\t<\/div>\n\t<\/div>\n<\/div><\/div><\/div><\/div>\n","protected":false},"excerpt":{"rendered":"Mimari Konsept Yazgan Tasar\u0131m - Mimarl\u0131k - \u0130n\u015faat www.yazgandesign.com YAZGAN Tasar\u0131m Mimarl\u0131k, 2003 y\u0131l\u0131nda Dr. Mimar Kerem Yazgan ve Dr. Mimar Beg\u00fcm Yazgan taraf\u0131ndan kurulmu\u015f olan, Ankara merkezli bir mimari tasar\u0131m ve in\u015faat firmas\u0131d\u0131r. Firma kurulu\u015fundan bu yana, in\u015faat alan\u0131 toplamda 3.500.000 m\u00b2\u2019yi ge\u00e7en ve...","protected":false},"author":1,"featured_media":0,"parent":0,"menu_order":0,"comment_status":"closed","ping_status":"closed","template":"","meta":{"footnotes":""},"class_list":["post-15718","page","type-page","status-publish","hentry"],"_links":{"self":[{"href":"https:\/\/kalkanaltesvillas.com\/tr\/wp-json\/wp\/v2\/pages\/15718"}],"collection":[{"href":"https:\/\/kalkanaltesvillas.com\/tr\/wp-json\/wp\/v2\/pages"}],"about":[{"href":"https:\/\/kalkanaltesvillas.com\/tr\/wp-json\/wp\/v2\/types\/page"}],"author":[{"embeddable":true,"href":"https:\/\/kalkanaltesvillas.com\/tr\/wp-json\/wp\/v2\/users\/1"}],"replies":[{"embeddable":true,"href":"https:\/\/kalkanaltesvillas.com\/tr\/wp-json\/wp\/v2\/comments?post=15718"}],"version-history":[{"count":15,"href":"https:\/\/kalkanaltesvillas.com\/tr\/wp-json\/wp\/v2\/pages\/15718\/revisions"}],"predecessor-version":[{"id":15961,"href":"https:\/\/kalkanaltesvillas.com\/tr\/wp-json\/wp\/v2\/pages\/15718\/revisions\/15961"}],"wp:attachment":[{"href":"https:\/\/kalkanaltesvillas.com\/tr\/wp-json\/wp\/v2\/media?parent=15718"}],"curies":[{"name":"wp","href":"https:\/\/api.w.org\/{rel}","templated":true}]}}