{"id":15722,"date":"2015-05-26T10:23:17","date_gmt":"2015-05-26T07:23:17","guid":{"rendered":"https:\/\/kalkanaltesvillas.com\/tr\/construction-diary\/"},"modified":"2015-10-23T12:17:48","modified_gmt":"2015-10-23T09:17:48","slug":"insaat-gunlugu","status":"publish","type":"page","link":"https:\/\/kalkanaltesvillas.com\/tr\/insaat-gunlugu\/","title":{"rendered":"\u0130N\u015eAAT G\u00dcNL\u00dc\u011e\u00dc"},"content":{"rendered":"","protected":false},"excerpt":{"rendered":"","protected":false},"author":1,"featured_media":0,"parent":0,"menu_order":0,"comment_status":"open","ping_status":"closed","template":"blog-masonry-date-in-image.php","meta":{"footnotes":""},"class_list":["post-15722","page","type-page","status-publish","hentry"],"_links":{"self":[{"href":"https:\/\/kalkanaltesvillas.com\/tr\/wp-json\/wp\/v2\/pages\/15722"}],"collection":[{"href":"https:\/\/kalkanaltesvillas.com\/tr\/wp-json\/wp\/v2\/pages"}],"about":[{"href":"https:\/\/kalkanaltesvillas.com\/tr\/wp-json\/wp\/v2\/types\/page"}],"author":[{"embeddable":true,"href":"https:\/\/kalkanaltesvillas.com\/tr\/wp-json\/wp\/v2\/users\/1"}],"replies":[{"embeddable":true,"href":"https:\/\/kalkanaltesvillas.com\/tr\/wp-json\/wp\/v2\/comments?post=15722"}],"version-history":[{"count":1,"href":"https:\/\/kalkanaltesvillas.com\/tr\/wp-json\/wp\/v2\/pages\/15722\/revisions"}],"predecessor-version":[{"id":15723,"href":"https:\/\/kalkanaltesvillas.com\/tr\/wp-json\/wp\/v2\/pages\/15722\/revisions\/15723"}],"wp:attachment":[{"href":"https:\/\/kalkanaltesvillas.com\/tr\/wp-json\/wp\/v2\/media?parent=15722"}],"curies":[{"name":"wp","href":"https:\/\/api.w.org\/{rel}","templated":true}]}}