{"id":15725,"date":"2015-05-27T12:29:19","date_gmt":"2015-05-27T12:29:19","guid":{"rendered":"https:\/\/kalkanaltesvillas.com\/tr\/contact\/"},"modified":"2015-10-23T12:24:51","modified_gmt":"2015-10-23T09:24:51","slug":"iletisim","status":"publish","type":"page","link":"https:\/\/kalkanaltesvillas.com\/tr\/iletisim\/","title":{"rendered":"\u0130LET\u0130\u015e\u0130M"},"content":{"rendered":"<div      class=\"vc_row wpb_row section vc_row-fluid\" style=' text-align:left;'><div class=\" full_section_inner clearfix\"><div class=\"wpb_column vc_column_container vc_col-sm-12\"><div class=\"wpb_wrapper\"><div class='google_map_shortcode_holder' style='height:305px;'><div class='qode_google_map' style='height:305px;' id='map_canvas_56458' data-addresses='[\"36.269006, 29.407987\"]' data-custom-map-style='true' data-color-overlay='#393939' data-saturation='-100' data-lightness='20' data-zoom='12' data-pin='https:\/\/kalkanaltesvillas.com\/wp-content\/uploads\/2015\/05\/alte_kalkan_villas_pin.png' data-unique-id='56458' data-google-maps-scroll-wheel='false' data-map-height='305'><\/div><div class='google_map_shortcode_overlay'><\/div><\/div><\/div><\/div><\/div><\/div><div      class=\"vc_row wpb_row section vc_row-fluid grid_section\" style=' padding-top:80px; padding-bottom:49px; text-align:left;'><div class=\" section_inner clearfix\"><div class='section_inner_margin clearfix'><div class=\"wpb_column vc_column_container vc_col-sm-6\"><div class=\"wpb_wrapper\">\n\t<div class=\"wpb_text_column wpb_content_element \">\n\t\t<div class=\"wpb_wrapper\">\n\t\t\t<h3>\u0130LET\u0130\u015e\u0130M FORMU<\/h3>\n\n\t\t<\/div> \n\t<\/div> <div class=\"separator  transparent   \" style=\"margin-top: 22px;margin-bottom: 0px;\"><\/div>\n\n<div class=\"wpcf7 no-js\" id=\"wpcf7-f15724-o1\" lang=\"tr-TR\" dir=\"ltr\" data-wpcf7-id=\"15724\">\n<div class=\"screen-reader-response\"><p role=\"status\" aria-live=\"polite\" aria-atomic=\"true\"><\/p> <ul><\/ul><\/div>\n<form action=\"\/tr\/wp-json\/wp\/v2\/pages\/15725#wpcf7-f15724-o1\" method=\"post\" class=\"wpcf7-form init cf7_custom_style_1\" aria-label=\"\u0130leti\u015fim Formu\" novalidate=\"novalidate\" data-status=\"init\">\n<div style=\"display: none;\">\n<input type=\"hidden\" name=\"_wpcf7\" value=\"15724\" \/>\n<input type=\"hidden\" name=\"_wpcf7_version\" value=\"6.0.6\" \/>\n<input type=\"hidden\" name=\"_wpcf7_locale\" value=\"tr_TR\" \/>\n<input type=\"hidden\" name=\"_wpcf7_unit_tag\" value=\"wpcf7-f15724-o1\" \/>\n<input type=\"hidden\" name=\"_wpcf7_container_post\" value=\"0\" \/>\n<input type=\"hidden\" name=\"_wpcf7_posted_data_hash\" value=\"\" \/>\n<\/div>\n<p>Ad\u0131n\u0131z (gerekli)\n<\/p>\n<p><span class=\"wpcf7-form-control-wrap\" data-name=\"your-name\"><input size=\"40\" maxlength=\"400\" class=\"wpcf7-form-control wpcf7-text wpcf7-validates-as-required\" aria-required=\"true\" aria-invalid=\"false\" value=\"\" type=\"text\" name=\"your-name\" \/><\/span>\n<\/p>\n<p>Epostan\u0131z (gerekli)\n<\/p>\n<p><span class=\"wpcf7-form-control-wrap\" data-name=\"your-email\"><input size=\"40\" maxlength=\"400\" class=\"wpcf7-form-control wpcf7-email wpcf7-validates-as-required wpcf7-text wpcf7-validates-as-email\" aria-required=\"true\" aria-invalid=\"false\" value=\"\" type=\"email\" name=\"your-email\" \/><\/span>\n<\/p>\n<p>Konu\n<\/p>\n<p><span class=\"wpcf7-form-control-wrap\" data-name=\"your-subject\"><input size=\"40\" maxlength=\"400\" class=\"wpcf7-form-control wpcf7-text\" aria-invalid=\"false\" value=\"\" type=\"text\" name=\"your-subject\" \/><\/span>\n<\/p>\n<p>\u0130letiniz\n<\/p>\n<p><span class=\"wpcf7-form-control-wrap\" data-name=\"your-message\"><textarea cols=\"40\" rows=\"10\" maxlength=\"2000\" class=\"wpcf7-form-control wpcf7-textarea\" aria-invalid=\"false\" name=\"your-message\"><\/textarea><\/span>\n<\/p>\n<p><input class=\"wpcf7-form-control wpcf7-submit has-spinner\" type=\"submit\" value=\"G\u00f6nder\" \/>\n<\/p><div class=\"wpcf7-response-output\" aria-hidden=\"true\"><\/div>\n<\/form>\n<\/div>\n<div class=\"separator  transparent   \" style=\"margin-top: 40px;margin-bottom: 0px;\"><\/div>\n<\/div><\/div><div class=\"wpb_column vc_column_container vc_col-sm-6\"><div class=\"wpb_wrapper\">\n\t<div class=\"wpb_text_column wpb_content_element \">\n\t\t<div class=\"wpb_wrapper\">\n\t\t\t<h3>PROJE \u0130RT\u0130BAT B\u0130LG\u0130LER\u0130<\/h3>\n\n\t\t<\/div> \n\t<\/div> <div class=\"separator  transparent   \" style=\"margin-top: 26px;margin-bottom: 0px;\"><\/div>\n\n\t<div class=\"wpb_text_column wpb_content_element \">\n\t\t<div class=\"wpb_wrapper\">\n\t\t\t<p><span style=\"color: #baa878;\"><strong>Adres<\/strong><\/span> Ortaalan Mevkii, Bar\u0131\u015f Caddesi No:25<\/p>\n<p>Kalkan \/ Antalya \/ Turkey<\/p>\n<p><span style=\"color: #baa878;\"><strong>Telefon<\/strong><\/span> +90 (312) 641 31 91<\/p>\n<p><span style=\"color: #baa878;\"><strong>Faks <\/strong><\/span>+90 (312) 641 31 93<\/p>\n<p><strong><span style=\"color: #baa878;\">E-mail<\/span><\/strong> info@kalkanaltesvillas.com<\/p>\n<p><span style=\"color: #baa878;\"><strong>Web<\/strong><\/span> www.kalkanaltesvillas.com<\/p>\n\n\t\t<\/div> \n\t<\/div> <div class=\"separator  transparent   \" style=\"margin-top: 26px;margin-bottom: 0px;\"><\/div>\n\n\t<div class=\"wpb_text_column wpb_content_element \">\n\t\t<div class=\"wpb_wrapper\">\n\t\t\t<h3>M\u00dcTEAHH\u0130T F\u0130RMA<\/h3>\n\n\t\t<\/div> \n\t<\/div> <div class=\"separator  transparent   \" style=\"margin-top: 26px;margin-bottom: 0px;\"><\/div>\n\n\t<div class=\"wpb_text_column wpb_content_element \">\n\t\t<div class=\"wpb_wrapper\">\n\t\t\t<p><span style=\"color: #baa878;\"><strong>Adres<\/strong><\/span> A.S.O. 2.O.S.B. 19. Yol B24 Parsel Temelli,<\/p>\n<p>Yenimalle \/ Ankara \/ Turkey<\/p>\n<p><span style=\"color: #baa878;\"><strong>Telefon<\/strong><\/span> +90 (312) 641 31 91<\/p>\n<p><span style=\"color: #baa878;\"><strong>Faks <\/strong><\/span>+90 (312) 641 31 93<\/p>\n<p><strong><span style=\"color: #baa878;\">E-mail<\/span><\/strong> info@altesaluminyum.com<\/p>\n<p><span style=\"color: #baa878;\"><strong>Web<\/strong><\/span> www.altesaluminyum.com<\/p>\n\n\t\t<\/div> \n\t<\/div> <div class=\"separator  transparent   \" style=\"margin-top: 40px;margin-bottom: 0px;\"><\/div>\n<\/div><\/div><\/div><\/div><\/div>\n","protected":false},"excerpt":{"rendered":"\u0130LET\u0130\u015e\u0130M FORMU Ad\u0131n\u0131z (gerekli) Epostan\u0131z (gerekli) Konu \u0130letiniz PROJE \u0130RT\u0130BAT B\u0130LG\u0130LER\u0130 Adres Ortaalan Mevkii, Bar\u0131\u015f Caddesi No:25 Kalkan \/ Antalya \/ Turkey Telefon +90 (312) 641 31 91 Faks +90 (312) 641 31 93 E-mail info@kalkanaltesvillas.com Web www.kalkanaltesvillas.com M\u00dcTEAHH\u0130T F\u0130RMA Adres A.S.O. 2.O.S.B. 19. Yol...","protected":false},"author":1,"featured_media":0,"parent":0,"menu_order":0,"comment_status":"open","ping_status":"closed","template":"","meta":{"footnotes":""},"class_list":["post-15725","page","type-page","status-publish","hentry"],"_links":{"self":[{"href":"https:\/\/kalkanaltesvillas.com\/tr\/wp-json\/wp\/v2\/pages\/15725"}],"collection":[{"href":"https:\/\/kalkanaltesvillas.com\/tr\/wp-json\/wp\/v2\/pages"}],"about":[{"href":"https:\/\/kalkanaltesvillas.com\/tr\/wp-json\/wp\/v2\/types\/page"}],"author":[{"embeddable":true,"href":"https:\/\/kalkanaltesvillas.com\/tr\/wp-json\/wp\/v2\/users\/1"}],"replies":[{"embeddable":true,"href":"https:\/\/kalkanaltesvillas.com\/tr\/wp-json\/wp\/v2\/comments?post=15725"}],"version-history":[{"count":2,"href":"https:\/\/kalkanaltesvillas.com\/tr\/wp-json\/wp\/v2\/pages\/15725\/revisions"}],"predecessor-version":[{"id":15727,"href":"https:\/\/kalkanaltesvillas.com\/tr\/wp-json\/wp\/v2\/pages\/15725\/revisions\/15727"}],"wp:attachment":[{"href":"https:\/\/kalkanaltesvillas.com\/tr\/wp-json\/wp\/v2\/media?parent=15725"}],"curies":[{"name":"wp","href":"https:\/\/api.w.org\/{rel}","templated":true}]}}